{"id":53,"date":"2022-10-26T03:50:30","date_gmt":"2022-10-26T03:50:30","guid":{"rendered":"https:\/\/antrocel.com\/index.php\/privacy-policy\/"},"modified":"2023-11-13T12:53:15","modified_gmt":"2023-11-13T12:53:15","slug":"privatumo-politika","status":"publish","type":"page","link":"https:\/\/antrocel.com\/lt\/privatumo-politika\/","title":{"rendered":"Privatumo politika"},"content":{"rendered":"\t\t<div data-elementor-type=\"wp-page\" data-elementor-id=\"53\" class=\"elementor elementor-53 elementor-31\">\n\t\t\t\t\t\t<section class=\"elementor-section elementor-top-section elementor-element elementor-element-98d9ae8 elementor-section-full_width theme-content-gray-header elementor-section-height-default elementor-section-height-default\" data-id=\"98d9ae8\" data-element_type=\"section\" data-e-type=\"section\">\n\t\t\t\t\t\t<div class=\"elementor-container elementor-column-gap-no\">\n\t\t\t\t\t<div class=\"elementor-column elementor-col-100 elementor-top-column elementor-element elementor-element-1f82c4c\" data-id=\"1f82c4c\" data-element_type=\"column\" data-e-type=\"column\">\n\t\t\t<div class=\"elementor-widget-wrap elementor-element-populated\">\n\t\t\t\t\t\t<div class=\"elementor-element elementor-element-a8bb4e5 elementor-widget elementor-widget-html\" data-id=\"a8bb4e5\" data-element_type=\"widget\" data-e-type=\"widget\" data-widget_type=\"html.default\">\n\t\t\t\t<div class=\"elementor-widget-container\">\n\t\t\t\t\t<script>\n    $(document).ready(function(){ \n        let video = $('.elementor-video');\n        \/*video.get(0).play();*\/\n        video.get(0).click(function(){\n           $('.elementor-widget-video .e-hosted-video.elementor-wrapper.elementor-open-inline:before').css('display', 'none');\n        });\n        $(\"video\").click(function() {\n            $('.e-hosted-video.elementor-wrapper.elementor-open-inline').addClass('started-video');\n        });\n });\n<\/script>\t\t\t\t<\/div>\n\t\t\t\t<\/div>\n\t\t\t\t<section class=\"elementor-section elementor-inner-section elementor-element elementor-element-34e03b0 elementor-section-boxed elementor-section-height-default elementor-section-height-default\" data-id=\"34e03b0\" data-element_type=\"section\" data-e-type=\"section\">\n\t\t\t\t\t\t<div class=\"elementor-container elementor-column-gap-no\">\n\t\t\t\t\t<div class=\"elementor-column elementor-col-100 elementor-inner-column elementor-element elementor-element-44e86fb\" data-id=\"44e86fb\" data-element_type=\"column\" data-e-type=\"column\">\n\t\t\t<div class=\"elementor-widget-wrap elementor-element-populated\">\n\t\t\t\t\t\t<div class=\"elementor-element elementor-element-d2a3374 site-breadcrumb elementor-widget elementor-widget-shortcode\" data-id=\"d2a3374\" data-element_type=\"widget\" data-e-type=\"widget\" data-widget_type=\"shortcode.default\">\n\t\t\t\t<div class=\"elementor-widget-container\">\n\t\t\t\t\t\t\t<div class=\"elementor-shortcode\"><div  class=\"site-breadcrumb\"><ul><li class=\"breadcrumb-item\"><a href=\"https:\/\/antrocel.com\/lt\/\"><i class=\"icon-house\"><\/i><\/a><\/li><\/Array><\/div>\n\t\t\t\t\t\t<\/div>\n\t\t\t\t<\/div>\n\t\t\t\t\t<\/div>\n\t\t<\/div>\n\t\t\t\t\t<\/div>\n\t\t<\/section>\n\t\t\t\t<section class=\"elementor-section elementor-inner-section elementor-element elementor-element-252d036 theme-content-gray-header-inner elementor-section-boxed elementor-section-height-default elementor-section-height-default\" data-id=\"252d036\" data-element_type=\"section\" data-e-type=\"section\">\n\t\t\t\t\t\t<div class=\"elementor-container elementor-column-gap-no\">\n\t\t\t\t\t<div class=\"elementor-column elementor-col-100 elementor-inner-column elementor-element elementor-element-3b74df9\" data-id=\"3b74df9\" data-element_type=\"column\" data-e-type=\"column\">\n\t\t\t<div class=\"elementor-widget-wrap elementor-element-populated\">\n\t\t\t\t\t\t<div class=\"elementor-element elementor-element-d3147f9 elementor-widget elementor-widget-heading\" data-id=\"d3147f9\" data-element_type=\"widget\" data-e-type=\"widget\" data-widget_type=\"heading.default\">\n\t\t\t\t<div class=\"elementor-widget-container\">\n\t\t\t\t\t<h1 class=\"elementor-heading-title elementor-size-default\">Privatumo politika<\/h1>\t\t\t\t<\/div>\n\t\t\t\t<\/div>\n\t\t\t\t\t<\/div>\n\t\t<\/div>\n\t\t\t\t\t<\/div>\n\t\t<\/section>\n\t\t\t\t\t<\/div>\n\t\t<\/div>\n\t\t\t\t\t<\/div>\n\t\t<\/section>\n\t\t\t\t<section class=\"elementor-section elementor-top-section elementor-element elementor-element-b4375e0 elementor-section-full_width generic-page-text-image privacy_policy elementor-section-height-default elementor-section-height-default\" data-id=\"b4375e0\" data-element_type=\"section\" data-e-type=\"section\">\n\t\t\t\t\t\t<div class=\"elementor-container elementor-column-gap-no\">\n\t\t\t\t\t<div class=\"elementor-column elementor-col-100 elementor-top-column elementor-element elementor-element-0a49c94\" data-id=\"0a49c94\" data-element_type=\"column\" data-e-type=\"column\">\n\t\t\t<div class=\"elementor-widget-wrap elementor-element-populated\">\n\t\t\t\t\t\t<section class=\"elementor-section elementor-inner-section elementor-element elementor-element-f348a68 elementor-section-boxed elementor-section-height-default elementor-section-height-default\" data-id=\"f348a68\" data-element_type=\"section\" data-e-type=\"section\">\n\t\t\t\t\t\t<div class=\"elementor-container elementor-column-gap-no\">\n\t\t\t\t\t<div class=\"elementor-column elementor-col-100 elementor-inner-column elementor-element elementor-element-f247f57\" data-id=\"f247f57\" data-element_type=\"column\" data-e-type=\"column\">\n\t\t\t<div class=\"elementor-widget-wrap elementor-element-populated\">\n\t\t\t\t\t\t<div class=\"elementor-element elementor-element-6a053e2 elementor-widget elementor-widget-text-editor\" data-id=\"6a053e2\" data-element_type=\"widget\" data-e-type=\"widget\" data-widget_type=\"text-editor.default\">\n\t\t\t\t<div class=\"elementor-widget-container\">\n\t\t\t\t\t\t\t\t\t<p>\u0160i Privatumo politika informuoja apie svetain\u0117s lankytojo turimas duomen\u0173 subjekto teises, tvarkomus asmens duomenis, j\u0173 panaudojim\u0105 ir pateikia kit\u0105 svarbi\u0105 informacij\u0105. Pabr\u0117\u017eiame, kad gerbiame svetain\u0117s lankytoj\u0173 privatum\u0105 bei siekiame apsaugoti lankytoj\u0173 asmens duomenis.<\/p><p>Internetinio puslapio duomen\u0173 valdytojas \u2013 UAB \u201cAntrocelas\u201d. \u012emon\u0117s kodas \u2013 145548034, adresas \u2013 Uosi\u0173 g. 9, Gerg\u017edeliai, \u0160iauli\u0173 r., LT-81111 \u0160iauli\u0173 r. Tel. +370 620 97291, el. pa\u0161tas: <a class=\"c-link\" href=\"mailto:info@antrocel.com\" target=\"_blank\" rel=\"noopener noreferrer\" data-stringify-link=\"mailto:info@antrocel.com\" data-sk=\"tooltip_parent\" aria-haspopup=\"menu\">info@antrocel.com<\/a><\/p><p>Asmens duomenys<\/p><p>Asmens duomenys yra bet kokia informacija, susijusi su gyvu asmeniu, kurios pagalba yra nustatoma arba gali b\u016bti nustatyta asmens tapatyb\u0117. Asmens duomen\u0173 pavyzd\u017eiai: vardas, pavard\u0117; nam\u0173 adresas; asmens tapatyb\u0117s kortel\u0117s numeris ir pan.<\/p><p>Tvarkomi asmens duomenys ir j\u0173 panaudojimas<\/p><p>Svetain\u0117je antrocel.com tvarkomi \u0161ie asmens duomenys apie vartotoj\u0105:<\/p><ul><li>Vardas, pavard\u0117. Duomenys tvarkomi siekiant identifikuoti asmen\u012f bei tinkamai suteikti paslaugas (\u012fvykdyti sutart\u012f);<\/li><li>Lytis (neprivaloma pateikti \u0161ios informacijos). Duomenys tvarkomi siekiant identifikuoti asmen\u012f;<\/li><li>Gimimo data (neprivaloma pateikti \u0161ios informacijos). Duomenys tvarkomi siekiant identifikuoti asmen\u012f;<\/li><li>\u0160alis. Duomenys tvarkomi siekiant identifikuoti asmen\u012f;<\/li><li>Papildoma informacija (neprivaloma pateikti \u0161ios informacijos). Duomenys tvarkomi siekiant atsi\u017evelgti \u012f svetain\u0117s lankytojo poreikius bei tinkamai suteikti paslaugas (\u012fvykdyti sutart\u012f);<\/li><li>El. pa\u0161tas. Duomenys tvarkomi turint tiksl\u0105 su Jumis susisiekti bei prane\u0161ti svarbiausi\u0105 informacij\u0105 apie teikiamas paslaugas;<\/li><li>Pristatymo adresas (gatv\u0117, namo numeris, miestas, pa\u0161to kodas). \u0160ie duomenys reikalingi siekiant Jums pristatyti u\u017esakytas prekes nurodytu adresu;<\/li><li>Kontaktinio telefono numeris. Duomenys tvarkomi turint tiksl\u0105 su Jumis susisiekti bei prane\u0161ti svarbiausi\u0105 informacij\u0105 apie teikiamas paslaugas (pvz.: prek\u0117s pristatymo laikas);<\/li><li>Svetain\u0117je sukurtos paskyros slapta\u017eodis. Duomenys apie slapta\u017eod\u012f tvarkomi siekiant suteikti lankytojui galimyb\u0119 prisijungti prie asmenin\u0117s paskyros svetain\u0117je;<\/li><li>Paskyros registravimo data. Svetain\u0117s lankytojui suk\u016brus paskyr\u0105, galime matyti kada \u0161i paskyra buvo registruota. Pagal min\u0117t\u0105 informacij\u0105 \u017einome svetain\u0117s vartotojo paskyros aktyvum\u0105 bei naikiname neaktyvias paskyras;<\/li><li>Komunikacija, kuria apsikei\u010diame bendraudami el. lai\u0161kais, trumposiomis SMS \u017einut\u0117mis ar naudodamiesi socialiniais tinklais. Duomenys tvarkomi siekiant atsakyti \u012f J\u016bs\u0173 klausimus, reaguoti \u012f pateiktas pastabas, taip pat klientui suteikti norim\u0105 informacij\u0105 apie prek\u0119 bei prek\u0117s pristatym\u0105. Komunikacija padeda gerinti m\u016bs\u0173 teikiamas paslaugas bei padeda u\u017etikrinti tinkam\u0105 paslaug\u0173 vykdym\u0105;<\/li><li>Slapukus. Tvarkome duomenis apie slapukus siekdami su\u017einoti svetain\u0117s vartotojo elgsen\u0105 svetain\u0117je;<\/li><li>Informacij\u0105 apie i\u0161reik\u0161t\u0105 sutikim\u0105\/nesutikim\u0105 su svetain\u0117s taisykl\u0117mis bei IP adres\u0105 i\u0161 kurio min\u0117tas sutikimas\/nesutikimas buvo duotas. Duomenys tvarkomi siekiant patvirtinti fakt\u0105, jog sutikote\/nesutikote su svetain\u0117s taisykl\u0117mis.<\/li><\/ul><p>Atkreipiame d\u0117mes\u012f, kad duomenys susij\u0119 su paslaug\u0173 teikimu yra svarb\u016bs siekiant \u012fvykdyti m\u016bs\u0173 \u012fsipareigojimus klientui (t.y. \u012fvykdyti sutart\u012f), tod\u0117l negal\u0117site atsisakyti gauti min\u0117t\u0173 duomen\u0173.<\/p><p>Duomen\u0173 subjekto turimos teis\u0117s<\/p><p>J\u016bs turite teis\u0119:<\/p><ul><li>Susipa\u017einti su savo asmens duomenimis, kurie yra laikomi ir tvarkomi www.antrocel.lt svetain\u0117s asmens duomen\u0173 valdytojo. Jeigu manote, kad informacija apie Jus yra neteisinga ar netiksli, galite reikalauti, kad ji b\u016bt\u0173 i\u0161taisyta;<\/li><li>Pra\u0161yti, kad apie Jus esanti informacija b\u016bt\u0173 i\u0161trinta. \u0160ia teise galite tiesiogiai pasinaudoti i\u0161trinant savo profil\u012f;<\/li><li>Prie\u0161tarauti asmenin\u0117s informacijos apdorojimo b\u016bdams, kurie pasitelkiami J\u016bs\u0173 asmenini\u0173 duomen\u0173 tvarkymo metu, taip pat, kuomet J\u016bs\u0173 duomenys tvarkomi kitu teisini\u0173 pagrindu nei buvo duotas sutikimas. \u0160i teis\u0117 apima ir tiesiogin\u0119 rinkodar\u0105;<\/li><li>Pra\u0161yti, kad b\u016bt\u0173 apribotas J\u016bs\u0173 asmenini\u0173 duomen\u0173 tvarkymas, net ir esant teis\u0117tam pagrindui tai atliki;<\/li><li>Bet kuriuo metu at\u0161aukti sutikim\u0105 tvarkyti J\u016bs\u0173 asmens duomenis (nors duomenys buvo tvarkomi teis\u0117tai);<\/li><li>Perkelti duomenis, t. y. pra\u0161yti svetain\u0117s valdytojo savo asmenin\u0117s informacijos kopijos, kuri pateikiama \u012frengini\u0173 nuskaitomu formatu arba j\u0105 perduoti tre\u010diajai \u0161aliai (paslaug\u0173 teik\u0117jui). \u0160i teis\u0117 gali b\u016bti \u012fgyvendinta ir J\u016bs\u0173 pa\u010di\u0173, nes svetain\u0117je yra suteikta galimyb\u0117 i\u0161eksportuoti duomenis, kuriuos pateik\u0117te duomen\u0173 valdytojui. U\u017e pakartotin\u012f duomen\u0173 kopijos darym\u0105 gali b\u016bti taikomas mokestis proporcingas administravimo i\u0161laidoms.<\/li><\/ul><p>Pra\u0161ymai, prie\u0161taravimai ir at\u0161aukimai bus vykdomi vadovaujantis galiojan\u010diomis duomen\u0173 apsaugos nuostatomis ir taisykl\u0117mis. Nor\u0117dami pasinaudoti auk\u0161\u010diau nurodytomis teis\u0117mis, susisiekite su mumis el. pa\u0161tu <a class=\"c-link\" href=\"mailto:info@antrocel.com\" target=\"_blank\" rel=\"noopener noreferrer\" data-stringify-link=\"mailto:info@antrocel.com\" data-sk=\"tooltip_parent\" aria-haspopup=\"menu\">info@antrocel.com<\/a><\/p><p>Slapukai<\/p><p>Slapukai yra nedidel\u0117s apimties duomen\u0173 failai, kurie atsiun\u010diami \u012f J\u016bs\u0173 \u012frengin\u012f, kai lankot\u0117s m\u016bs\u0173 svetain\u0117je, jie renka informacij\u0105 apie nar\u0161ymo istorij\u0105, lankytojo elges\u012f bei jo pasirinkimus, nustatymus. Slapukai \u012fprastai \u012fra\u0161o tik tam tikr\u0105 anonimin\u0119 informacij\u0105, kai vartotojui priskiriamas unikalus numeris, pagal kur\u012f galima atskirti vien\u0105 vartotoj\u0105 nuo kito. Kitaip tariant, slapuk\u0173 pagalba surinktoje informacijoje n\u0117ra J\u016bs\u0173 asmenini\u0173 duomen\u0173.<\/p><p>Slapukai leid\u017eia pagerinti Svetain\u0117s lankytoj\u0173 aptarnavim\u0105 ir suteikti jiems pritaikyt\u0105 turin\u012f. Tuo pat metu, slapukai padeda individualiai pritaikyti pasi\u016blym\u0105, tod\u0117l Jus gali pasiekti informacija atitinkanti J\u016bs\u0173 interesus, tokiu b\u016bdu u\u017etikrinant kuo geresn\u0119 ir patogesn\u0119 nar\u0161ymo patirt\u012f m\u016bs\u0173 svetain\u0117je.<\/p><p>Surinkti duomenys naudojami lankytojo atpa\u017einimui (identifikavimui), informacijos susijusios su pirkiniais, kurie yra \u012fdedami \u012f preki\u0173 krep\u0161el\u012f i\u0161saugojimui, svetain\u0117s lankomumo statistikos ir\u00a0 naudotojo elgsenos modeli\u0173 rinkimui\/formavimui.<\/p><p>Statistinei analizei naudojamas \u201eGoogle Analytics\u201c \u012frankis, kuris taip pat veikia pasitelkdamas slapukus. Pagrindinis \u0161io \u012frankio tikslas yra analizuoti naudotojo elgsen\u0105, naudojim\u0105si svetaine ir kurti ataskaitas apie veikl\u0105 svetain\u0117je ir kit\u0105 statistin\u0119 informacij\u0105. Slapuk\u0173 surinkti duomenys, \u012fskaitant J\u016bs\u0173 IP adres\u0105 (ar jo dal\u012f), da\u017eniausiai yra perkeliami \u012f\u00a0 \u201eGoogle\u201c serverius, tokiu b\u016bdu kompanija gali naudoti min\u0117t\u0105 informacij\u0105. J\u016bs galite nesutikti, kad \u201eGoogle Analytics\u201c rinkt\u0173 J\u016bs\u0173 nar\u0161ymo informacij\u0105 ir \u012f nar\u0161ykl\u0119 \u012fsidiegti special\u0173 papildin\u012f, kur\u012f rasite adresu https:\/\/tools.google.com\/dlpage\/gaoptout<\/p><p>M\u016bs\u0173 svetain\u0117 naudoja socialinio tinklo \u201eFacebook\u201c papildin\u012f. J\u016bs\u0173 apsilankymo metu u\u017emezgamas ry\u0161ys su \u0161io socialinio tinklo serveriais. Tokiu b\u016bdu \u201eFacebook\u201c gaun\u0105 informacij\u0105 apie tai, kad J\u016bs atidar\u0117te m\u016bs\u0173 svetain\u0117s tinklap\u012f, net jeigu neturite \u201eFacebook\u201c paskyros ar i\u0161 jos esate atsijung\u0119. \u0160i informacija kartu su J\u016bs\u0173 IP adresu perduodama min\u0117tos kompanijos serveriams. Jeigu lankantis m\u016bs\u0173 svetain\u0117je esate prisijung\u0119s prie \u201eFacebook\u201c paskyros, tuomet apsilankymas gali b\u016bti susietas su paskyra. Jums paspaudus \u201elike\u201c, \u201eshare\u201c mygtukus arba ant Facebook puslapio pavadinimo, \u0161i informacija taip pat perduodama socialiniam tinklui. Min\u0117ti duomenys gali b\u016bti panaudoti reklamai, rinkos tyrimams ir puslapi\u0173 k\u016brimui, atsi\u017evelgiant \u012f vartotoj\u0173 poreikius. Tod\u0117l jeigu nenorite, kad J\u016bs\u0173 duomenys b\u016bt\u0173 susieti su svetaine, prie\u0161 nar\u0161ant m\u016bs\u0173 svetain\u0117je atsijunkite nuo socialinio tinklo paskyros. Apie tai, kaip \u201eFacebook\u201c renka ir saugo duomenis pla\u010diau galite su\u017einoti perskait\u0119 j\u0173 privatumo politik\u0105 https:\/\/www.facebook.com\/about\/privacy<\/p><p>Lentel\u0117je apa\u010dioje, pateikiami visi slapukai kurie naudojami www.antrocel.lt svetain\u0117je.<br \/>M\u016bs\u0173 svetain\u0117s slapukai nerenka joki\u0173 J\u016bs\u0173 asmens duomen\u0173 ir jie n\u0117ra naudojami siekiant atpa\u017einti konkret\u0173 naudotoj\u0105. Bet kokiu atveju, J\u016bs galite apriboti slapuk\u0173 naudojim\u0105 arba juos i\u0161trinti. Daugiau informacijos kaip tai padaryti rasite adresu https:\/\/www.aboutcookies.org\/<\/p><p>Rinkodara (naujienlai\u0161kiai)<\/p><p>Svetain\u0117s vartotojas \u012fvesdamas el. pa\u0161to adres\u0105 bei paspausdamas rodykl\u0119 ties u\u017era\u0161u \u201eNaujienlai\u0161kis\u201c arba registruodamasis svetain\u0117je, gali patvirtinti, kad jis nori gauti tiesiogin\u0117s rinkodaros pasi\u016blymus (naujienlai\u0161kius). Atkreipiame d\u0117mes\u012f, kad svetain\u0117s lankytojas gali bet kada at\u0161aukti duot\u0105 sutikim\u0105 bei atsisakyti gauti tiesiogin\u0117s rinkodaros prane\u0161imus (naujienlai\u0161kius). Tai galima padaryti vartotojo paskyroje panaikinus duot\u0105 sutikim\u0105 gauti naujienlai\u0161kius (at\u017eym\u0117jus varnel\u0119) arba kreipiantis \u012f mus el. pa\u0161tu.<\/p><p>Dalijimasis J\u016bs\u0173 asmeniniais duomenimis<\/p><p>Svetain\u0117s lankytojo asmens duomenimis su tre\u010diaisiais asmenimis dalijam\u0117s, kai \u0161is veiksmas yra b\u016btinas siekiant u\u017etikrinti paslaug\u0173 teikim\u0105. Asmens duomenys tretiesiems asmenims yra pateikiami ribota apimtimi. Tai rei\u0161kia, kad su tre\u010diaisiais asmenimis dalijam\u0117s tik informacija, kuri reikalinga tre\u010di\u0173j\u0173 asmen\u0173 teikiam\u0173 paslaug\u0173 atlikimui \u012fvykdyti.<\/p><p>Asmens duomenimis galime dalintis su \u0161iais tre\u010diaisiais asmenimis:<\/p><ul><li>Kurjeri\u0173 tarnyboms. Siekiant pristatyti Jums prekes, kurjeri\u0173 tarnyboms nurodome asmens duomenis reikalingus prekei pristatyti (pvz.: kliento vardas, pavard\u0117, adresas, telefono numeris);<\/li><\/ul><p>Tam tikrus vartotojo duomenis gali matyti svetain\u0117s analitikos paslaug\u0173 teik\u0117jas \u2013 \u201eGoogle Analytics\u201c, kuris analizuoja informacij\u0105 susijusi\u0105 su internetin\u0117s svetain\u0117s lankomumu;<\/p><p>Jeigu i\u0161 m\u016bs\u0173 svetain\u0117s pateksite \u012f socialin\u012f tinkl\u0105 (pvz.: \u201eFacebook\u201c), socialinis tinklas galimai tur\u0117s prieig\u0105 prie J\u016bs\u0173 asmens duomen\u0173, kuriuos atskleid\u0117te m\u016bs\u0173 svetain\u0117je. \u0160iais atvejais, rekomenduojame perskaityti socialini\u0173 tinklalapi\u0173 privatumo politikas, kadangi u\u017e jose pateikt\u0105 informacij\u0105 atsakomyb\u0117s neprisiimame;<\/p><p>Paslaug\u0173 teik\u0117jams (pvz.: \u012fmonei atsakingai u\u017e svetain\u0117s informacini\u0173 technologij\u0173 sistem\u0173 prie\u017ei\u016br\u0105);<\/p><p>I\u0161skirtiniais atvejais J\u016bs\u0173 asmens duomenys gali b\u016bti atskleid\u017eiami vald\u017eios institucijoms d\u0117l teisini\u0173 prie\u017eas\u010di\u0173 (pvz.: pagal prad\u0117t\u0105 teismo proced\u016br\u0105);<\/p><ul><li>\u00a0J\u016bs\u0173 asmens duomenimis galime dalintis siekdami ginti ir apsaugoti savo ar m\u016bs\u0173 klient\u0173 teises, esant pagr\u012fstam pagrindui, jog \u0161ios teis\u0117s buvo arba bus pa\u017eeistos.<\/li><\/ul><p>Asmenini\u0173 duomen\u0173 saugumas<\/p><p>Informacija apie vartotoj\u0105 svetain\u0117s duomen\u0173 baz\u0117je yra saugoma ne ilgiau kaip 5 metus nuo paskutinio prisijungimo prie vartotojo profilio datos. Pra\u0117jus nustatytam terminui, visi asmens duomenys yra i\u0161trinami.<\/p><p>Tvarkydami svetain\u0117s lankytoj\u0173 asmens duomenis mes naudojame technines priemones, kuriomis siekiame apsaugoti vartotoj\u0173 asmenin\u0119 informacij\u0105 nuo asmens duomen\u0173 pa\u017eeidim\u0173 (pvz.: neteis\u0117tas dalijimasis informacija, asmens duomen\u0173 nutek\u0117jimas, neteis\u0117tas duomen\u0173 praradimas, sunaikinimas ir pan.) Pabr\u0117\u017eiame, kad n\u0117ra 100% saugios priemon\u0117s elektroninio ar fizinio duomen\u0173 perdavimui ir saugojimui u\u017etikrinti, tod\u0117l visada i\u0161lieka asmens duomen\u0173 pa\u017eeidimo gr\u0117sm\u0117.<\/p><p>Asmens duomen\u0173 saugumui u\u017etikrinti naudojamos technin\u0117s priemon\u0117s:<\/p><ul><li>Svetain\u0117je u\u017esiregistravusi\u0173 vartotoj\u0173 prisijungimo prie svetain\u0117s duomen\u0173 apsaugojimas slapta\u017eod\u017eiais duomen\u0173 baz\u0117je;<\/li><li>SSL sertifikato naudojimas. SSL sertifikatas naudojamas siekiant vartotojams pad\u0117ti nustatyti svetain\u0117s tapatyb\u0119, u\u017e\u0161ifruoti tarp vartotojo ir serverio perduodamus duomenis bei garantuoti perduodam\u0173 duomen\u0173 vientisum\u0105 ir originalum\u0105 duomen\u0173 gav\u0117jui;<\/li><li>Naudojame fizines apsaugos priemones, siekdami apsisaugoti nuo asmens duomen\u0173 pa\u017eeidim\u0173.<\/li><\/ul><p>Privatumo politikos pakeitimai<\/p><p>Pasiliekame teis\u0119 atnaujinti Privatumo politik\u0105, nurodant svetain\u0117s lankytojui informacij\u0105 kada \u0161i Privatumo politika buvo atnaujinta paskutin\u012f kart\u0105. Atnaujinta Privatumo politika \u012fsigalios nuo to momento, kai ji bus paskelbta m\u016bs\u0173 svetain\u0117je. Pra\u0161ome susipa\u017einti su Privatumo politikos pakeitimais, o nesutinkant su atliktais pakeitimais, nesinaudoti m\u016bs\u0173 svetaine bei teikiamomis paslaugomis. Informuojame, kad paskutin\u012f kart\u0105 Privatumo politika buvo atnaujinta 2023-11-13.<\/p><p>Pagalba<\/p><p>Kilus klausimams, nusiskundimams d\u0117l \u0161ios Privatumo politikos ar siekiant \u012fgyvendinti duomen\u0173 subjekto teises, pra\u0161ome kreiptis el. pa\u0161tu <a class=\"c-link\" href=\"mailto:info@antrocel.com\" target=\"_blank\" rel=\"noopener noreferrer\" data-stringify-link=\"mailto:info@antrocel.com\" data-sk=\"tooltip_parent\" aria-haspopup=\"menu\">info@antrocel.com<\/a> arba skambinti telefono numeriu +370 620 97291. Maloniai Jus i\u0161klausysime ir atsakysime \u012f u\u017eduotus klausimus bei i\u0161sakytas pastabas, taip pat, esant poreikiui, pad\u0117sime \u012fgyvendinti J\u016bs\u0173 turimas duomen\u0173 subjekto teises.<\/p><p>Jeigu manote, kad pa\u017eeid\u017eiame J\u016bs\u0173, kaip duomen\u0173 subjekto teises, kreipkit\u0117s \u012f mus auk\u0161\u010diau nurodytais rekvizitais. \u0160alims nepavykus gin\u010do i\u0161spr\u0119sti, duomen\u0173 subjektas, siekdamas \u012fgyvendinti savo teises, turi teis\u0119 kreiptis \u012f Valstybin\u0119 duomen\u0173 apsaugos inspekcij\u0105.<\/p>\t\t\t\t\t\t\t\t<\/div>\n\t\t\t\t<\/div>\n\t\t\t\t\t<\/div>\n\t\t<\/div>\n\t\t\t\t\t<\/div>\n\t\t<\/section>\n\t\t\t\t\t<\/div>\n\t\t<\/div>\n\t\t\t\t\t<\/div>\n\t\t<\/section>\n\t\t\t\t<\/div>\n\t\t","protected":false},"excerpt":{"rendered":"<p>Privatumo politika \u0160i Privatumo politika informuoja apie svetain\u0117s lankytojo turimas duomen\u0173 subjekto teises, tvarkomus asmens duomenis, j\u0173 panaudojim\u0105 ir pateikia kit\u0105 svarbi\u0105 informacij\u0105. Pabr\u0117\u017eiame, kad gerbiame svetain\u0117s lankytoj\u0173 privatum\u0105 bei siekiame apsaugoti lankytoj\u0173 asmens duomenis. Internetinio puslapio duomen\u0173 valdytojas \u2013 UAB \u201cAntrocelas\u201d. \u012emon\u0117s kodas \u2013 145548034, adresas \u2013 Uosi\u0173 g. 9, Gerg\u017edeliai, \u0160iauli\u0173 r., LT-81111 [&hellip;]<\/p>\n","protected":false},"author":1,"featured_media":0,"parent":0,"menu_order":0,"comment_status":"closed","ping_status":"closed","template":"elementor_header_footer","meta":{"_acf_changed":false,"inline_featured_image":false,"slim_seo":{"title":"Privatumo politika - Antrocel","description":"Privatumo politika \u0160i Privatumo politika informuoja apie svetain\u0117s lankytojo turimas duomen\u0173 subjekto teises, tvarkomus asmens duomenis, j\u0173 panaudojim\u0105 ir patei"},"footnotes":""},"class_list":["post-53","page","type-page","status-publish","hentry"],"acf":[],"aioseo_notices":[],"_links":{"self":[{"href":"https:\/\/antrocel.com\/lt\/wp-json\/wp\/v2\/pages\/53","targetHints":{"allow":["GET"]}}],"collection":[{"href":"https:\/\/antrocel.com\/lt\/wp-json\/wp\/v2\/pages"}],"about":[{"href":"https:\/\/antrocel.com\/lt\/wp-json\/wp\/v2\/types\/page"}],"author":[{"embeddable":true,"href":"https:\/\/antrocel.com\/lt\/wp-json\/wp\/v2\/users\/1"}],"replies":[{"embeddable":true,"href":"https:\/\/antrocel.com\/lt\/wp-json\/wp\/v2\/comments?post=53"}],"version-history":[{"count":44,"href":"https:\/\/antrocel.com\/lt\/wp-json\/wp\/v2\/pages\/53\/revisions"}],"predecessor-version":[{"id":2494,"href":"https:\/\/antrocel.com\/lt\/wp-json\/wp\/v2\/pages\/53\/revisions\/2494"}],"wp:attachment":[{"href":"https:\/\/antrocel.com\/lt\/wp-json\/wp\/v2\/media?parent=53"}],"curies":[{"name":"wp","href":"https:\/\/api.w.org\/{rel}","templated":true}]}}